{"id":807,"date":"2021-08-02T21:03:41","date_gmt":"2021-08-02T19:03:41","guid":{"rendered":"http:\/\/www.biohof-paulitsch.at\/?page_id=807"},"modified":"2026-03-05T12:32:32","modified_gmt":"2026-03-05T10:32:32","slug":"partnerbetriebe","status":"publish","type":"page","link":"http:\/\/www.biohof-paulitsch.at\/?page_id=807","title":{"rendered":"Partnerbetriebe"},"content":{"rendered":"\n<p>Ein kleiner Teil unseres verarbeiteten Obstes wird bei <br>unseren Partnerbetrieben zugekauft, wo wir es selbst ernten. <\/p>\n\n\n\n<p>Unsere <br>Partnerbetriebe sind: <br><br>&#8211; f\u00fcr <strong>Erdbeeren<\/strong>: Biohof Fam. <strong>D\u00f6rfler vlg. Blasehof<\/strong>, Maria Saal <br>(zertifizierter Demeter-Betrieb) <br><br>&#8211; f\u00fcr <strong>Marillen<\/strong>: Biohof Fam. <strong>Handler<\/strong>, Ebersdorf bei Hartberg <br>(zertifizierter Bio-Austria Betrieb)<\/p>\n\n\n\n<figure class=\"wp-block-gallery has-nested-images columns-default is-cropped wp-block-gallery-1 is-layout-flex wp-block-gallery-is-layout-flex\">\n<figure class=\"wp-block-image size-large is-resized\"><a href=\"http:\/\/www.biohof-paulitsch.at\/wp-content\/uploads\/2014\/03\/Titel_04_klein.jpg\"><img loading=\"lazy\" decoding=\"async\" width=\"278\" height=\"448\" data-id=\"97\" src=\"http:\/\/www.biohof-paulitsch.at\/wp-content\/uploads\/2014\/03\/Titel_04_klein.jpg\" alt=\"\" class=\"wp-image-97\" style=\"width:172px;height:auto\" srcset=\"http:\/\/www.biohof-paulitsch.at\/wp-content\/uploads\/2014\/03\/Titel_04_klein.jpg 278w, http:\/\/www.biohof-paulitsch.at\/wp-content\/uploads\/2014\/03\/Titel_04_klein-186x300.jpg 186w\" sizes=\"(max-width: 278px) 100vw, 278px\" \/><\/a><\/figure>\n\n\n\n<figure class=\"wp-block-image size-large is-resized\"><a href=\"http:\/\/www.biohof-paulitsch.at\/wp-content\/uploads\/2014\/03\/Titel_03_klein.jpg\"><img loading=\"lazy\" decoding=\"async\" width=\"287\" height=\"448\" data-id=\"96\" src=\"http:\/\/www.biohof-paulitsch.at\/wp-content\/uploads\/2014\/03\/Titel_03_klein.jpg\" alt=\"\" class=\"wp-image-96\" style=\"width:179px;height:auto\" srcset=\"http:\/\/www.biohof-paulitsch.at\/wp-content\/uploads\/2014\/03\/Titel_03_klein.jpg 287w, http:\/\/www.biohof-paulitsch.at\/wp-content\/uploads\/2014\/03\/Titel_03_klein-192x300.jpg 192w\" sizes=\"(max-width: 287px) 100vw, 287px\" \/><\/a><\/figure>\n\n\n\n<figure class=\"wp-block-image size-large is-resized\"><a href=\"http:\/\/www.biohof-paulitsch.at\/wp-content\/uploads\/2021\/08\/Johannisbeeren-schwarz-1.jpg\"><img decoding=\"async\" data-id=\"813\" src=\"http:\/\/www.biohof-paulitsch.at\/wp-content\/uploads\/2021\/08\/Johannisbeeren-schwarz-1.jpg\" alt=\"\" class=\"wp-image-813\" style=\"width:159px;height:auto\"\/><\/a><\/figure>\n<\/figure>\n","protected":false},"excerpt":{"rendered":"<p>Ein kleiner Teil unseres verarbeiteten Obstes wird bei unseren Partnerbetrieben zugekauft, wo wir es selbst ernten. Unsere Partnerbetriebe sind: &#8211; f\u00fcr Erdbeeren: Biohof Fam. D\u00f6rfler vlg. Blasehof, Maria Saal (zertifizierter Demeter-Betrieb) &#8211; f\u00fcr Marillen: Biohof Fam. Handler, Ebersdorf bei Hartberg &hellip; <a href=\"http:\/\/www.biohof-paulitsch.at\/?page_id=807\">Weiterlesen <span class=\"meta-nav\">&rarr;<\/span><\/a><\/p>\n","protected":false},"author":1,"featured_media":0,"parent":6,"menu_order":2,"comment_status":"closed","ping_status":"closed","template":"","meta":{"footnotes":""},"_links":{"self":[{"href":"http:\/\/www.biohof-paulitsch.at\/index.php?rest_route=\/wp\/v2\/pages\/807"}],"collection":[{"href":"http:\/\/www.biohof-paulitsch.at\/index.php?rest_route=\/wp\/v2\/pages"}],"about":[{"href":"http:\/\/www.biohof-paulitsch.at\/index.php?rest_route=\/wp\/v2\/types\/page"}],"author":[{"embeddable":true,"href":"http:\/\/www.biohof-paulitsch.at\/index.php?rest_route=\/wp\/v2\/users\/1"}],"replies":[{"embeddable":true,"href":"http:\/\/www.biohof-paulitsch.at\/index.php?rest_route=%2Fwp%2Fv2%2Fcomments&post=807"}],"version-history":[{"count":5,"href":"http:\/\/www.biohof-paulitsch.at\/index.php?rest_route=\/wp\/v2\/pages\/807\/revisions"}],"predecessor-version":[{"id":1110,"href":"http:\/\/www.biohof-paulitsch.at\/index.php?rest_route=\/wp\/v2\/pages\/807\/revisions\/1110"}],"up":[{"embeddable":true,"href":"http:\/\/www.biohof-paulitsch.at\/index.php?rest_route=\/wp\/v2\/pages\/6"}],"wp:attachment":[{"href":"http:\/\/www.biohof-paulitsch.at\/index.php?rest_route=%2Fwp%2Fv2%2Fmedia&parent=807"}],"curies":[{"name":"wp","href":"https:\/\/api.w.org\/{rel}","templated":true}]}}