{"id":8,"date":"2014-03-15T10:40:40","date_gmt":"2014-03-15T08:40:40","guid":{"rendered":"http:\/\/www.biohof-paulitsch.at\/?page_id=8"},"modified":"2026-03-05T12:39:32","modified_gmt":"2026-03-05T10:39:32","slug":"partner","status":"publish","type":"page","link":"http:\/\/www.biohof-paulitsch.at\/?page_id=8","title":{"rendered":"Vertriebspartner"},"content":{"rendered":"<p>Sie erhalten unsere Produkte direkt <a title=\"Kontakt\" href=\"http:\/\/www.biohof-paulitsch.at\/?page_id=10\">Ab-Hof<\/a> sowie bei unseren Vertriebspartnern! Bei Gro\u00dfmengen k\u00f6nnen Sie auch gleich direkt<a title=\"Bestellung f\u00fcr Vertriebspartner\" href=\"http:\/\/www.biohof-paulitsch.at\/?page_id=51\"> hier anfragen und bestellen.<\/a><strong><br \/>\n<\/strong><\/p>\n<p><strong>Unsere Vertriebspartner:<\/strong><\/p>\n<p>Bioladen der Erntebauern V\u00f6lkermarkt<\/p>\n<p><a href=\"http:\/\/biohof-tomic.at\/\" target=\"_blank\" rel=\"noopener noreferrer\">Biohof Tomic &#8211; Hofladen, Eberndorf<\/a><\/p>\n<p><a href=\"http:\/\/www.mallhof.at\/hofladen.html\" target=\"_blank\" rel=\"noopener noreferrer\">Bioladen Mallhof, Bad Kleinkirchheim<\/a><\/p>\n<p>Biobauernhof vlg. Logar, Hofladen, Sittersdorf<\/p>\n<p><a href=\"https:\/\/www.ottingerhof.at\/de\">Bio Naturhof Ottingerhof, Bad Kleinkirchheim<\/a><\/p>\n<p>Bildungshaus Schloss Krastowitz, Klagenfurt<\/p>\n<p><a href=\"https:\/\/www.genuss-des-lebens.at\/\">B\u00f6hm Feinkost, Klagenfurt<\/a><\/p>\n<p><a href=\"http:\/\/www.milcherlebniswelt.at\/\" target=\"_blank\" rel=\"noopener noreferrer\">Erlebnismolkerei Sonnenalm, Klein St. Paul<\/a><\/p>\n<p><a href=\"https:\/\/www.princes.at\/\">FT Seeblick Tratter, Klopeinersee<\/a><\/p>\n<p><a href=\"https:\/\/www.andreas-hafner.at\/\" target=\"_blank\" rel=\"noopener noreferrer\">G\u00e4rtnerei Hafner, Moosburg<\/a><\/p>\n<p>Genussh\u00fctte Poggersdorf<\/p>\n<p><a href=\"https:\/\/www.gseft.at\/home\">Gseft, Bleiburg<\/a><\/p>\n<p><a href=\"http:\/\/www.hausderregion.at\/\" target=\"_blank\" rel=\"noopener noreferrer\">Haus der Region, Wolfsberg und Genussladen St. Paul<\/a><\/p>\n<p><a href=\"https:\/\/www.hochschober.com\/\" target=\"_blank\" rel=\"noopener noreferrer\">Hotel Hochschober, Turrach<\/a><\/p>\n<p><a href=\"http:\/\/www.haus-und-hof.at\/Seiten\/buschenschenke.html\" target=\"_blank\" rel=\"noopener noreferrer\">Jausenstation Heritzer, Hofladen, St. Michael<\/a><\/p>\n<p><a href=\"https:\/\/www.kaslabn.at\/\" target=\"_blank\" rel=\"noopener noreferrer\">KASLAB&#8217;N, Nockberge<\/a><\/p>\n<p><a href=\"http:\/\/www.kulturkost-stmarkus.at\/\" target=\"_blank\" rel=\"noopener noreferrer\">Kulturkost St. Markus, Wolfsberg<\/a><\/p>\n<p><a href=\"http:\/\/www.lagerhaus-klagenfurt.at\/\" target=\"_blank\" rel=\"noopener noreferrer\">Lagerhaus Klagenfurt, Ferlach &amp; St. Veit, Bauerneck<\/a><\/p>\n<p><a href=\"http:\/\/www.lagerhaus-lavanttal.at\/\" target=\"_blank\" rel=\"noopener noreferrer\">Lagerhaus Wolfsberg &amp; Bad St. Leonhard, Bauerneck<\/a><\/p>\n<p><a href=\"https:\/\/www.mochoritsch.at\/\" target=\"_blank\" rel=\"noopener noreferrer\">Mochoritsch Griffen-Rast<\/a><\/p>\n<p><a href=\"https:\/\/www.sagamundo.at\/home-sommererlebnis-millstaettersee.html\" target=\"_blank\" rel=\"noopener noreferrer\">Sagamundo &#8211; Haus des Erz\u00e4hlens, Radenthein<\/a><\/p>\n<p>Schwaigerh\u00fctte, Millst\u00e4tteralpe<\/p>\n<p><a href=\"http:\/\/www.mostbarkeiten.at\/\" target=\"_blank\" rel=\"noopener noreferrer\">Zogglhof St. Paul, Mostbarkeiten<\/a><\/p>\n","protected":false},"excerpt":{"rendered":"<p>Sie erhalten unsere Produkte direkt Ab-Hof sowie bei unseren Vertriebspartnern! Bei Gro\u00dfmengen k\u00f6nnen Sie auch gleich direkt hier anfragen und bestellen. Unsere Vertriebspartner: Bioladen der Erntebauern V\u00f6lkermarkt Biohof Tomic &#8211; Hofladen, Eberndorf Bioladen Mallhof, Bad Kleinkirchheim Biobauernhof vlg. Logar, Hofladen, &hellip; <a href=\"http:\/\/www.biohof-paulitsch.at\/?page_id=8\">Weiterlesen <span class=\"meta-nav\">&rarr;<\/span><\/a><\/p>\n","protected":false},"author":1,"featured_media":0,"parent":0,"menu_order":0,"comment_status":"closed","ping_status":"closed","template":"","meta":{"footnotes":""},"_links":{"self":[{"href":"http:\/\/www.biohof-paulitsch.at\/index.php?rest_route=\/wp\/v2\/pages\/8"}],"collection":[{"href":"http:\/\/www.biohof-paulitsch.at\/index.php?rest_route=\/wp\/v2\/pages"}],"about":[{"href":"http:\/\/www.biohof-paulitsch.at\/index.php?rest_route=\/wp\/v2\/types\/page"}],"author":[{"embeddable":true,"href":"http:\/\/www.biohof-paulitsch.at\/index.php?rest_route=\/wp\/v2\/users\/1"}],"replies":[{"embeddable":true,"href":"http:\/\/www.biohof-paulitsch.at\/index.php?rest_route=%2Fwp%2Fv2%2Fcomments&post=8"}],"version-history":[{"count":44,"href":"http:\/\/www.biohof-paulitsch.at\/index.php?rest_route=\/wp\/v2\/pages\/8\/revisions"}],"predecessor-version":[{"id":1112,"href":"http:\/\/www.biohof-paulitsch.at\/index.php?rest_route=\/wp\/v2\/pages\/8\/revisions\/1112"}],"wp:attachment":[{"href":"http:\/\/www.biohof-paulitsch.at\/index.php?rest_route=%2Fwp%2Fv2%2Fmedia&parent=8"}],"curies":[{"name":"wp","href":"https:\/\/api.w.org\/{rel}","templated":true}]}}