{"id":6,"date":"2014-03-15T10:40:31","date_gmt":"2014-03-15T08:40:31","guid":{"rendered":"http:\/\/www.biohof-paulitsch.at\/?page_id=6"},"modified":"2026-03-13T19:17:48","modified_gmt":"2026-03-13T17:17:48","slug":"aktuell-verfuegbare-produkte","status":"publish","type":"page","link":"http:\/\/www.biohof-paulitsch.at\/?page_id=6","title":{"rendered":"Produkte"},"content":{"rendered":"\n<p>Unsere Produkte sind direkt <a title=\"Kontakt\" href=\"http:\/\/www.biohof-paulitsch.at\/?page_id=10\">Ab-Hof<\/a> und bei unseren <a title=\"Partner\" href=\"http:\/\/www.biohof-paulitsch.at\/?page_id=8\">Vertriebspartnern<\/a> erh\u00e4ltlich.<\/p>\n\n\n\n<p>Bitte beachten Sie, dass<strong> saison-<\/strong> sowie<strong> nachfragebedingt<\/strong>, unterschiedliche Produkte erh\u00e4ltlich sind. Die <span style=\"color: #339966;\">aktuell verf\u00fcgbaren Produkte<\/span> finden Sie<span style=\"color: #339966;\"><strong> <a href=\"http:\/\/www.biohof-paulitsch.at\/wp-content\/uploads\/2026\/03\/Produktbestellungen-Maerz-2026-neu.pdf\" target=\"_blank\" rel=\"noreferrer noopener\">in dieser Liste<\/a><\/strong><a href=\"http:\/\/www.biohof-paulitsch.at\/wp-content\/uploads\/2026\/03\/Produktbestellungen-Maerz-2026.pdf\" target=\"_blank\" rel=\"noreferrer noopener\"> <\/a><\/span>und in unserem <strong><a href=\"http:\/\/www.biohof-paulitsch.at\/?page_id=51\" data-type=\"page\" data-id=\"51\">Bestellformular<\/a>.<\/strong><\/p>\n\n\n<div class=\"wp-block-image\">\n<figure class=\"aligncenter size-large is-resized\"><a href=\"http:\/\/www.biohof-paulitsch.at\/wp-content\/uploads\/2025\/02\/BIOAUSTRIA-Produkte.png\"><img loading=\"lazy\" decoding=\"async\" width=\"1024\" height=\"682\" src=\"http:\/\/www.biohof-paulitsch.at\/wp-content\/uploads\/2025\/02\/BIOAUSTRIA-Produkte-1024x682.png\" alt=\"\" class=\"wp-image-1009\" style=\"width:377px;height:auto\" srcset=\"http:\/\/www.biohof-paulitsch.at\/wp-content\/uploads\/2025\/02\/BIOAUSTRIA-Produkte-1024x682.png 1024w, http:\/\/www.biohof-paulitsch.at\/wp-content\/uploads\/2025\/02\/BIOAUSTRIA-Produkte-300x200.png 300w, http:\/\/www.biohof-paulitsch.at\/wp-content\/uploads\/2025\/02\/BIOAUSTRIA-Produkte-768x511.png 768w, http:\/\/www.biohof-paulitsch.at\/wp-content\/uploads\/2025\/02\/BIOAUSTRIA-Produkte-451x300.png 451w, http:\/\/www.biohof-paulitsch.at\/wp-content\/uploads\/2025\/02\/BIOAUSTRIA-Produkte.png 1197w\" sizes=\"(max-width: 1024px) 100vw, 1024px\" \/><\/a><\/figure><\/div>\n\n\n<p><strong><span style=\"text-decoration: underline;\">Fruchtaufstrich (190 g):<\/span><\/strong> variiert saisonal<b>&nbsp; &nbsp; &nbsp; &nbsp; &nbsp; &nbsp; &nbsp; &nbsp;&nbsp;<\/b><br>Ananaskirsche\/Apfel<br>Apfel\/Lavendel<br>Beerentraum (Johannisbeer\/Himbeer)<br>Birne (mit Ingwer)<br>Brombeere<br>Brombeere\/Apfel<br>Brombeere\/Birne<br>Brombeere\/Melone <br>Brombeere\/Rhabarber<br>Dirndl (Kornelkische)<br>Erdbeere<br>Goldmelisse<br>Hagebutte\/Apfel<br>Heidelbeeren<br>Himbeere<br>Himbeere\/Apfel<br>Scharfmacher (Himbeer\/Chili) <br>Himbeer\/Rhabarber<br>Hollertraum<br>Johannisbeere\/Apfel<br>Jostabeere\/Apfel<br>K\u00e4rntner Dreiklang (Schichtfruchtaufstrich mit Apfel\/Himbeer\/K\u00fcrbis-Apfel)<br>Kaki\/Apfel<br>Kiwi\/Apfel<br>Pfirsich<br>Gartenkraft (K\u00fcrbis\/Apfel) <br>L\u00f6wenzahn<br>Marille<br>Mispel<br>Quitte<br>Sonnenduett (Quitte\/K\u00fcrbis)<br>S\u00fc\u00dfe Versuchung (Quitte\/Melone)<br>Rosenbl\u00fcten<br>Sp\u00e4te Liebe (Dirndl\/Birne)<br>Stachelbeere<br>Stachelbeere\/Pfirsich<br>Stachelbeere\/Melone<br>S\u00fc\u00dfkirschen<br>Urkraft (Apfel\/Brombeere\/Aronia) <br>Vogelbeere\/Apfel<br>Wintertraum<br>Zwetschke<\/p>\n\n\n\n<p><strong><span style=\"text-decoration: underline;\">Gem\u00fcsesugo (280 g)<\/span><\/strong><\/p>\n\n\n\n<p><strong><span style=\"text-decoration: underline;\">Chutneys (190 g):<\/span><\/strong> variiert saisonal<br>K\u00fcrbis<br>Brombeere<br>Stachelbeere<br>Tomaten\/Zucchini<br>Zucchini (scharf)<br>Zwetschken<\/p>\n\n\n\n<div class=\"wp-block-group is-vertical is-layout-flex wp-container-core-group-is-layout-3 wp-block-group-is-layout-flex\">\n<div class=\"wp-block-group\"><div class=\"wp-block-group__inner-container is-layout-constrained wp-block-group-is-layout-constrained\">\n<div class=\"wp-block-group is-vertical is-layout-flex wp-container-core-group-is-layout-1 wp-block-group-is-layout-flex\">\n<p><strong><span style=\"text-decoration: underline;\">Fruchtsirup (250 ml\/ 500 ml \/ 1000ml):<\/span><\/strong> variiert saisonal<br>Aroniasirup<\/p>\n\n\n\n<p>Brombeersirup<\/p>\n\n\n\n<p class=\"has-text-align-left\">Dirndlsirup<\/p>\n\n\n\n<p>Heidelbeersirup<\/p>\n\n\n\n<p>Holundbeersirup<\/p>\n\n\n\n<p>Johannisbeersirup rot <\/p>\n\n\n\n<p>Johannisbeersirup schwarz<\/p>\n\n\n\n<p>Jostabeersirup<\/p>\n\n\n\n<p>Kirsch-Johannisbeersirup<\/p>\n\n\n\n<p>Traubensirup<\/p>\n\n\n\n<p><\/p>\n\n\n\n<p><\/p>\n<\/div>\n<\/div><\/div>\n<\/div>\n\n\n\n<p><strong><span style=\"text-decoration: underline;\">Kr\u00e4utersirup (250 ml\/ 500 ml\/ 1000 ml):<\/span><\/strong> variiert saisonal<br>Brennesselsirup <br>Colasirup <br>Frauenmantelsirup<br>Goldmelissensirup<br>Holunderbl\u00fctensirup<br>Kr\u00e4utersirup<br>Lavendelsirup<br>L\u00f6wenzahnbl\u00fctensirup<br>Maiwipferlsirup<br>Pfefferminzsirup<br>Rosenbl\u00fctensirup <br>Roter Holunderbeerensirup <br>Salbeisirup <br>Schafgarbensirup <br>Schafgarbe-Minz-Sirup <br>Thymiansirup<br>Zitronenmelissensirup<br>Zitronenverbenensirup<\/p>\n\n\n\n<p><\/p>\n\n\n\n<p><\/p>\n\n\n\n<p>Auf Anfrage:<\/p>\n\n\n\n<ul>\n<li>Gummibonbons (100 g)<\/li>\n\n\n\n<li>Aroniapulver (150 g )<\/li>\n<\/ul>\n","protected":false},"excerpt":{"rendered":"<p>Unsere Produkte sind direkt Ab-Hof und bei unseren Vertriebspartnern erh\u00e4ltlich. Bitte beachten Sie, dass saison- sowie nachfragebedingt, unterschiedliche Produkte erh\u00e4ltlich sind. Die aktuell verf\u00fcgbaren Produkte finden Sie in dieser Liste und in unserem Bestellformular. Fruchtaufstrich (190 g): variiert saisonal&nbsp; &nbsp; &hellip; <a href=\"http:\/\/www.biohof-paulitsch.at\/?page_id=6\">Weiterlesen <span class=\"meta-nav\">&rarr;<\/span><\/a><\/p>\n","protected":false},"author":1,"featured_media":0,"parent":0,"menu_order":0,"comment_status":"closed","ping_status":"closed","template":"sidebar-page.php","meta":{"footnotes":""},"_links":{"self":[{"href":"http:\/\/www.biohof-paulitsch.at\/index.php?rest_route=\/wp\/v2\/pages\/6"}],"collection":[{"href":"http:\/\/www.biohof-paulitsch.at\/index.php?rest_route=\/wp\/v2\/pages"}],"about":[{"href":"http:\/\/www.biohof-paulitsch.at\/index.php?rest_route=\/wp\/v2\/types\/page"}],"author":[{"embeddable":true,"href":"http:\/\/www.biohof-paulitsch.at\/index.php?rest_route=\/wp\/v2\/users\/1"}],"replies":[{"embeddable":true,"href":"http:\/\/www.biohof-paulitsch.at\/index.php?rest_route=%2Fwp%2Fv2%2Fcomments&post=6"}],"version-history":[{"count":87,"href":"http:\/\/www.biohof-paulitsch.at\/index.php?rest_route=\/wp\/v2\/pages\/6\/revisions"}],"predecessor-version":[{"id":1121,"href":"http:\/\/www.biohof-paulitsch.at\/index.php?rest_route=\/wp\/v2\/pages\/6\/revisions\/1121"}],"wp:attachment":[{"href":"http:\/\/www.biohof-paulitsch.at\/index.php?rest_route=%2Fwp%2Fv2%2Fmedia&parent=6"}],"curies":[{"name":"wp","href":"https:\/\/api.w.org\/{rel}","templated":true}]}}