{"id":137,"date":"2014-03-30T11:05:53","date_gmt":"2014-03-30T09:05:53","guid":{"rendered":"http:\/\/www.biohof-paulitsch.at\/?page_id=137"},"modified":"2017-05-11T11:15:39","modified_gmt":"2017-05-11T09:15:39","slug":"impressum","status":"publish","type":"page","link":"http:\/\/www.biohof-paulitsch.at\/?page_id=137","title":{"rendered":"Impressum"},"content":{"rendered":"<p>Biohof Paulitsch<br \/>\nDoris &amp; Gerhard Paulitsch<br \/>\nRieding 42<br \/>\n9431 St. Stefan<br \/>\nTel.: +43 664 4416566<br \/>\nEmail: <a href=\"mailto:info@biohof-paulitsch.at\">info@biohof-paulitsch.at<\/a><\/p>\n<p><strong>Haftung:<\/strong><br \/>\nTrotz laufender \u00dcberpr\u00fcfung und Wartung der Website kann f\u00fcr deren Aktualit\u00e4t und Richtigkeit nicht garantiert werden. Die Angaben (Bilder, Beitr\u00e4ge etc.) befinden sich im Eigentum der Familie Paulitsch, au\u00dfer anders gekennzeichnet. F\u00fcr externe Links und deren Richtigkeit wird keine Verantwortung \u00fcbernommen.<\/p>\n","protected":false},"excerpt":{"rendered":"<p>Biohof Paulitsch Doris &amp; Gerhard Paulitsch Rieding 42 9431 St. Stefan Tel.: +43 664 4416566 Email: info@biohof-paulitsch.at Haftung: Trotz laufender \u00dcberpr\u00fcfung und Wartung der Website kann f\u00fcr deren Aktualit\u00e4t und Richtigkeit nicht garantiert werden. Die Angaben (Bilder, Beitr\u00e4ge etc.) befinden &hellip; <a href=\"http:\/\/www.biohof-paulitsch.at\/?page_id=137\">Weiterlesen <span class=\"meta-nav\">&rarr;<\/span><\/a><\/p>\n","protected":false},"author":1,"featured_media":0,"parent":0,"menu_order":0,"comment_status":"closed","ping_status":"closed","template":"","meta":{"footnotes":""},"_links":{"self":[{"href":"http:\/\/www.biohof-paulitsch.at\/index.php?rest_route=\/wp\/v2\/pages\/137"}],"collection":[{"href":"http:\/\/www.biohof-paulitsch.at\/index.php?rest_route=\/wp\/v2\/pages"}],"about":[{"href":"http:\/\/www.biohof-paulitsch.at\/index.php?rest_route=\/wp\/v2\/types\/page"}],"author":[{"embeddable":true,"href":"http:\/\/www.biohof-paulitsch.at\/index.php?rest_route=\/wp\/v2\/users\/1"}],"replies":[{"embeddable":true,"href":"http:\/\/www.biohof-paulitsch.at\/index.php?rest_route=%2Fwp%2Fv2%2Fcomments&post=137"}],"version-history":[{"count":5,"href":"http:\/\/www.biohof-paulitsch.at\/index.php?rest_route=\/wp\/v2\/pages\/137\/revisions"}],"predecessor-version":[{"id":375,"href":"http:\/\/www.biohof-paulitsch.at\/index.php?rest_route=\/wp\/v2\/pages\/137\/revisions\/375"}],"wp:attachment":[{"href":"http:\/\/www.biohof-paulitsch.at\/index.php?rest_route=%2Fwp%2Fv2%2Fmedia&parent=137"}],"curies":[{"name":"wp","href":"https:\/\/api.w.org\/{rel}","templated":true}]}}